{"id":2202,"date":"2024-03-15T10:41:33","date_gmt":"2024-03-15T10:41:33","guid":{"rendered":"https:\/\/www.bayernfunk.digital\/?page_id=2202"},"modified":"2024-04-12T13:33:19","modified_gmt":"2024-04-12T13:33:19","slug":"amtl-reporter-werden","status":"publish","type":"page","link":"https:\/\/www.bayernfunk.digital\/index.php\/amtl-reporter-werden\/","title":{"rendered":"Reporterin oder Reporter werden (amtlich)"},"content":{"rendered":"<div class=\"fusion-fullwidth fullwidth-box fusion-builder-row-1 fusion-flex-container has-pattern-background has-mask-background nonhundred-percent-fullwidth non-hundred-percent-height-scrolling\" style=\"--awb-border-radius-top-left:0px;--awb-border-radius-top-right:0px;--awb-border-radius-bottom-right:0px;--awb-border-radius-bottom-left:0px;--awb-flex-wrap:wrap;\" ><div class=\"fusion-builder-row fusion-row fusion-flex-align-items-flex-start fusion-flex-content-wrap\" style=\"max-width:1248px;margin-left: calc(-4% \/ 2 );margin-right: calc(-4% \/ 2 );\"><div class=\"fusion-layout-column fusion_builder_column fusion-builder-column-0 fusion_builder_column_1_2 1_2 fusion-flex-column\" style=\"--awb-bg-size:cover;--awb-width-large:50%;--awb-margin-top-large:0px;--awb-spacing-right-large:3.84%;--awb-margin-bottom-large:20px;--awb-spacing-left-large:3.84%;--awb-width-medium:50%;--awb-order-medium:0;--awb-spacing-right-medium:3.84%;--awb-spacing-left-medium:3.84%;--awb-width-small:100%;--awb-order-small:0;--awb-spacing-right-small:1.92%;--awb-spacing-left-small:1.92%;\"><div class=\"fusion-column-wrapper fusion-column-has-shadow fusion-flex-justify-content-flex-start fusion-content-layout-column\"><div class=\"fusion-text fusion-text-1\"><p><strong>Kommunen<\/strong> k\u00f6nnen \u00fcber die Nachrichtenplattform Informationen einpflegen, die per Push-Nachricht automatisch in die App <span style=\"color: var(--awb-custom_color_2);\">BayernFunk<\/span> \u00fcbermittelt werden.<\/p>\n<p>Du bist in einer <strong>Kommune<\/strong> t\u00e4tig und m\u00f6chtest amtliche Bekanntmachungen zur Verf\u00fcgung stellen, dann lasse dir mit folgendem Formular einen Zugang erstellen.<\/p>\n<p><strong>WICHTIG: Solltest du in einer Doppelfunktion als kommunaler Vertreter\/in und Vereinsvertreter\/in aktiv sein, m\u00f6chten wir dich bitten zwei Zug\u00e4nge mit verschiedenen Email-Adressen (dienstlich und privat) zu beantragen <\/strong>(dies ist aus rechtlichen Gr\u00fcnden sinnvoll).<\/p>\n<p><a href=\"https:\/\/www.bayernfunk.digital\/index.php\/reporter-werden\/\">Reporterin oder Reporter werden (ehrenamtlich)<\/a><\/p>\n<p><strong>Wir freuen uns auf deine Nachricht.<\/strong><\/p>\n<\/div><\/div><\/div><div class=\"fusion-layout-column fusion_builder_column fusion-builder-column-1 fusion_builder_column_1_2 1_2 fusion-flex-column\" style=\"--awb-bg-size:cover;--awb-width-large:50%;--awb-margin-top-large:0px;--awb-spacing-right-large:3.84%;--awb-margin-bottom-large:20px;--awb-spacing-left-large:3.84%;--awb-width-medium:50%;--awb-order-medium:0;--awb-spacing-right-medium:3.84%;--awb-spacing-left-medium:3.84%;--awb-width-small:100%;--awb-order-small:0;--awb-spacing-right-small:1.92%;--awb-spacing-left-small:1.92%;\"><div class=\"fusion-column-wrapper fusion-column-has-shadow fusion-flex-justify-content-flex-start fusion-content-layout-column\">\n<div class=\"wpcf7 no-js\" id=\"wpcf7-f2205-o1\" lang=\"en-US\" dir=\"ltr\" data-wpcf7-id=\"2205\">\n<div class=\"screen-reader-response\"><p role=\"status\" aria-live=\"polite\" aria-atomic=\"true\"><\/p> <ul><\/ul><\/div>\n<form action=\"\/index.php\/wp-json\/wp\/v2\/pages\/2202#wpcf7-f2205-o1\" method=\"post\" class=\"wpcf7-form init\" aria-label=\"Contact form\" novalidate=\"novalidate\" data-status=\"init\">\n<fieldset class=\"hidden-fields-container\"><input type=\"hidden\" name=\"_wpcf7\" value=\"2205\" \/><input type=\"hidden\" name=\"_wpcf7_version\" value=\"6.1.5\" \/><input type=\"hidden\" name=\"_wpcf7_locale\" value=\"en_US\" \/><input type=\"hidden\" name=\"_wpcf7_unit_tag\" value=\"wpcf7-f2205-o1\" \/><input type=\"hidden\" name=\"_wpcf7_container_post\" value=\"0\" \/><input type=\"hidden\" name=\"_wpcf7_posted_data_hash\" value=\"\" \/>\n<\/fieldset>\n<p><label> Anrede*<br \/>\n<span class=\"wpcf7-form-control-wrap\" data-name=\"menu-anrede\"><select class=\"wpcf7-form-control wpcf7-select wpcf7-validates-as-required\" aria-required=\"true\" aria-invalid=\"false\" name=\"menu-anrede\"><option value=\"Frau\">Frau<\/option><option value=\"Herr\">Herr<\/option><option value=\"Divers\">Divers<\/option><\/select><\/span><\/label>\n<\/p>\n<p><label> Vorname*<br \/>\n<span class=\"wpcf7-form-control-wrap\" data-name=\"vorname\"><input size=\"40\" maxlength=\"400\" class=\"wpcf7-form-control wpcf7-text wpcf7-validates-as-required\" aria-required=\"true\" aria-invalid=\"false\" value=\"\" type=\"text\" name=\"vorname\" \/><\/span> <\/label>\n<\/p>\n<p><label> Nachname*<br \/>\n<span class=\"wpcf7-form-control-wrap\" data-name=\"nachname\"><input size=\"40\" maxlength=\"400\" class=\"wpcf7-form-control wpcf7-text wpcf7-validates-as-required\" aria-required=\"true\" aria-invalid=\"false\" value=\"\" type=\"text\" name=\"nachname\" \/><\/span> <\/label>\n<\/p>\n<p><span id=\"wpcf7-69df1f5d62c3f-wrapper\" class=\"wpcf7-form-control-wrap color-wrap\" style=\"display:none !important; visibility:hidden !important;\"><label for=\"wpcf7-69df1f5d62c3f-field\" class=\"hp-message\">Please leave this field empty.<\/label><input id=\"wpcf7-69df1f5d62c3f-field\"  class=\"wpcf7-form-control wpcf7-text\" type=\"text\" name=\"color\" value=\"\" size=\"40\" tabindex=\"-1\" autocomplete=\"new-password\" \/><\/span>\n<\/p>\n<p><label> E-Mail-Adresse*<br \/>\n<span class=\"wpcf7-form-control-wrap\" data-name=\"your-email\"><input size=\"40\" maxlength=\"400\" class=\"wpcf7-form-control wpcf7-email wpcf7-validates-as-required wpcf7-text wpcf7-validates-as-email\" aria-required=\"true\" aria-invalid=\"false\" value=\"\" type=\"email\" name=\"your-email\" \/><\/span> <\/label>\n<\/p>\n<p><label> Telefonnummer*<br \/>\n<span class=\"wpcf7-form-control-wrap\" data-name=\"telefon\"><input size=\"40\" maxlength=\"400\" class=\"wpcf7-form-control wpcf7-tel wpcf7-validates-as-required wpcf7-text wpcf7-validates-as-tel\" aria-required=\"true\" aria-invalid=\"false\" value=\"\" type=\"tel\" name=\"telefon\" \/><\/span> <\/label>\n<\/p>\n<p><label> Gemeinde*<br \/>\n<span class=\"wpcf7-form-control-wrap\" data-name=\"gemeinde\"><input size=\"40\" maxlength=\"400\" class=\"wpcf7-form-control wpcf7-text wpcf7-validates-as-required\" aria-required=\"true\" aria-invalid=\"false\" value=\"\" type=\"text\" name=\"gemeinde\" \/><\/span> <\/label>\n<\/p>\n<p><label> Landkreis*<br \/>\n<span class=\"wpcf7-form-control-wrap\" data-name=\"landkreis\"><input size=\"40\" maxlength=\"400\" class=\"wpcf7-form-control wpcf7-text wpcf7-validates-as-required\" aria-required=\"true\" aria-invalid=\"false\" value=\"\" type=\"text\" name=\"landkreis\" \/><\/span> <\/label>\n<\/p>\n<p><span id=\"wpcf7-69df1f5d62d46-wrapper\" class=\"wpcf7-form-control-wrap location-wrap\" style=\"display:none !important; visibility:hidden !important;\"><label for=\"wpcf7-69df1f5d62d46-field\" class=\"hp-message\">Please leave this field empty.<\/label><input id=\"wpcf7-69df1f5d62d46-field\"  class=\"wpcf7-form-control wpcf7-text\" type=\"text\" name=\"location\" value=\"\" size=\"40\" tabindex=\"-1\" autocomplete=\"new-password\" \/><\/span>\n<\/p>\n<p><label> Nachricht<br \/>\n<span class=\"wpcf7-form-control-wrap\" data-name=\"your-message\"><textarea cols=\"40\" rows=\"10\" maxlength=\"2000\" class=\"wpcf7-form-control wpcf7-textarea\" aria-invalid=\"false\" name=\"your-message\"><\/textarea><\/span> <\/label>\n<\/p>\n<p><span id=\"wpcf7-69df1f5d62db9-wrapper\" class=\"wpcf7-form-control-wrap website-wrap\" style=\"display:none !important; visibility:hidden !important;\"><label for=\"wpcf7-69df1f5d62db9-field\" class=\"hp-message\">Please leave this field empty.<\/label><input id=\"wpcf7-69df1f5d62db9-field\"  class=\"wpcf7-form-control wpcf7-text\" type=\"text\" name=\"website\" value=\"\" size=\"40\" tabindex=\"-1\" autocomplete=\"new-password\" \/><\/span><br \/>\n<span class=\"wpcf7-form-control-wrap\" data-name=\"datenschutz\"><span class=\"wpcf7-form-control wpcf7-acceptance\"><span class=\"wpcf7-list-item\"><label><input type=\"checkbox\" name=\"datenschutz\" value=\"1\" aria-invalid=\"false\" \/><span class=\"wpcf7-list-item-label\">Ich akzeptiere die Bedingungen der <a href=\"https:\/\/www.bayernfunk.digital\/index.php\/datenschutzinformation\/\">Datenschutzinformation<\/a>.<\/span><\/label><\/span><\/span><\/span>\n<\/p>\n<p><input class=\"wpcf7-form-control wpcf7-submit has-spinner\" type=\"submit\" value=\"Senden\" \/>\n<\/p><p style=\"display: none !important;\" class=\"akismet-fields-container\" data-prefix=\"_wpcf7_ak_\"><label>&#916;<textarea name=\"_wpcf7_ak_hp_textarea\" cols=\"45\" rows=\"8\" maxlength=\"100\"><\/textarea><\/label><input type=\"hidden\" id=\"ak_js_1\" name=\"_wpcf7_ak_js\" value=\"86\"\/><script>document.getElementById( \"ak_js_1\" ).setAttribute( \"value\", ( new Date() ).getTime() );<\/script><\/p><div class=\"fusion-alert alert custom alert-custom fusion-alert-center wpcf7-response-output awb-alert-native-link-color alert-dismissable awb-alert-close-boxed\" style=\"--awb-border-size:1px;--awb-border-top-left-radius:0px;--awb-border-top-right-radius:0px;--awb-border-bottom-left-radius:0px;--awb-border-bottom-right-radius:0px;\" role=\"alert\"><div class=\"fusion-alert-content-wrapper\"><span class=\"fusion-alert-content\"><\/span><\/div><button type=\"button\" class=\"close toggle-alert\" data-dismiss=\"alert\" aria-label=\"Close\">&times;<\/button><\/div>\n<\/form>\n<\/div>\n<\/div><\/div><\/div><\/div>\n","protected":false},"excerpt":{"rendered":"","protected":false},"author":6,"featured_media":0,"parent":0,"menu_order":0,"comment_status":"closed","ping_status":"closed","template":"","meta":{"footnotes":""},"class_list":["post-2202","page","type-page","status-publish","hentry"],"yoast_head":"<!-- This site is optimized with the Yoast SEO plugin v27.4 - https:\/\/yoast.com\/product\/yoast-seo-wordpress\/ -->\n<title>Reporterin oder Reporter werden (amtlich) - BayernFunk<\/title>\n<meta name=\"robots\" content=\"index, follow, max-snippet:-1, max-image-preview:large, max-video-preview:-1\" \/>\n<link rel=\"canonical\" href=\"https:\/\/www.bayernfunk.digital\/index.php\/amtl-reporter-werden\/\" \/>\n<meta property=\"og:locale\" content=\"de_DE\" \/>\n<meta property=\"og:type\" content=\"article\" \/>\n<meta property=\"og:title\" content=\"Reporterin oder Reporter werden (amtlich) - BayernFunk\" \/>\n<meta property=\"og:url\" content=\"https:\/\/www.bayernfunk.digital\/index.php\/amtl-reporter-werden\/\" \/>\n<meta property=\"og:site_name\" content=\"BayernFunk\" \/>\n<meta property=\"article:modified_time\" content=\"2024-04-12T13:33:19+00:00\" \/>\n<meta name=\"twitter:card\" content=\"summary_large_image\" \/>\n<meta name=\"twitter:label1\" content=\"Gesch\u00e4tzte Lesezeit\" \/>\n\t<meta name=\"twitter:data1\" content=\"4\u00a0Minuten\" \/>\n<script type=\"application\/ld+json\" class=\"yoast-schema-graph\">{\"@context\":\"https:\\\/\\\/schema.org\",\"@graph\":[{\"@type\":\"WebPage\",\"@id\":\"https:\\\/\\\/www.bayernfunk.digital\\\/index.php\\\/amtl-reporter-werden\\\/\",\"url\":\"https:\\\/\\\/www.bayernfunk.digital\\\/index.php\\\/amtl-reporter-werden\\\/\",\"name\":\"Reporterin oder Reporter werden (amtlich) - BayernFunk\",\"isPartOf\":{\"@id\":\"https:\\\/\\\/www.bayernfunk.digital\\\/#website\"},\"datePublished\":\"2024-03-15T10:41:33+00:00\",\"dateModified\":\"2024-04-12T13:33:19+00:00\",\"breadcrumb\":{\"@id\":\"https:\\\/\\\/www.bayernfunk.digital\\\/index.php\\\/amtl-reporter-werden\\\/#breadcrumb\"},\"inLanguage\":\"de\",\"potentialAction\":[{\"@type\":\"ReadAction\",\"target\":[\"https:\\\/\\\/www.bayernfunk.digital\\\/index.php\\\/amtl-reporter-werden\\\/\"]}]},{\"@type\":\"BreadcrumbList\",\"@id\":\"https:\\\/\\\/www.bayernfunk.digital\\\/index.php\\\/amtl-reporter-werden\\\/#breadcrumb\",\"itemListElement\":[{\"@type\":\"ListItem\",\"position\":1,\"name\":\"Startseite\",\"item\":\"https:\\\/\\\/www.bayernfunk.digital\\\/\"},{\"@type\":\"ListItem\",\"position\":2,\"name\":\"Reporterin oder Reporter werden (amtlich)\"}]},{\"@type\":\"WebSite\",\"@id\":\"https:\\\/\\\/www.bayernfunk.digital\\\/#website\",\"url\":\"https:\\\/\\\/www.bayernfunk.digital\\\/\",\"name\":\"BayernFunk\",\"description\":\"Nachrichten und Angebote aus und f\u00fcr Bayern\",\"potentialAction\":[{\"@type\":\"SearchAction\",\"target\":{\"@type\":\"EntryPoint\",\"urlTemplate\":\"https:\\\/\\\/www.bayernfunk.digital\\\/?s={search_term_string}\"},\"query-input\":{\"@type\":\"PropertyValueSpecification\",\"valueRequired\":true,\"valueName\":\"search_term_string\"}}],\"inLanguage\":\"de\"}]}<\/script>\n<!-- \/ Yoast SEO plugin. -->","yoast_head_json":{"title":"Reporterin oder Reporter werden (amtlich) - BayernFunk","robots":{"index":"index","follow":"follow","max-snippet":"max-snippet:-1","max-image-preview":"max-image-preview:large","max-video-preview":"max-video-preview:-1"},"canonical":"https:\/\/www.bayernfunk.digital\/index.php\/amtl-reporter-werden\/","og_locale":"de_DE","og_type":"article","og_title":"Reporterin oder Reporter werden (amtlich) - BayernFunk","og_url":"https:\/\/www.bayernfunk.digital\/index.php\/amtl-reporter-werden\/","og_site_name":"BayernFunk","article_modified_time":"2024-04-12T13:33:19+00:00","twitter_card":"summary_large_image","twitter_misc":{"Gesch\u00e4tzte Lesezeit":"4\u00a0Minuten"},"schema":{"@context":"https:\/\/schema.org","@graph":[{"@type":"WebPage","@id":"https:\/\/www.bayernfunk.digital\/index.php\/amtl-reporter-werden\/","url":"https:\/\/www.bayernfunk.digital\/index.php\/amtl-reporter-werden\/","name":"Reporterin oder Reporter werden (amtlich) - BayernFunk","isPartOf":{"@id":"https:\/\/www.bayernfunk.digital\/#website"},"datePublished":"2024-03-15T10:41:33+00:00","dateModified":"2024-04-12T13:33:19+00:00","breadcrumb":{"@id":"https:\/\/www.bayernfunk.digital\/index.php\/amtl-reporter-werden\/#breadcrumb"},"inLanguage":"de","potentialAction":[{"@type":"ReadAction","target":["https:\/\/www.bayernfunk.digital\/index.php\/amtl-reporter-werden\/"]}]},{"@type":"BreadcrumbList","@id":"https:\/\/www.bayernfunk.digital\/index.php\/amtl-reporter-werden\/#breadcrumb","itemListElement":[{"@type":"ListItem","position":1,"name":"Startseite","item":"https:\/\/www.bayernfunk.digital\/"},{"@type":"ListItem","position":2,"name":"Reporterin oder Reporter werden (amtlich)"}]},{"@type":"WebSite","@id":"https:\/\/www.bayernfunk.digital\/#website","url":"https:\/\/www.bayernfunk.digital\/","name":"BayernFunk","description":"Nachrichten und Angebote aus und f\u00fcr Bayern","potentialAction":[{"@type":"SearchAction","target":{"@type":"EntryPoint","urlTemplate":"https:\/\/www.bayernfunk.digital\/?s={search_term_string}"},"query-input":{"@type":"PropertyValueSpecification","valueRequired":true,"valueName":"search_term_string"}}],"inLanguage":"de"}]}},"_links":{"self":[{"href":"https:\/\/www.bayernfunk.digital\/index.php\/wp-json\/wp\/v2\/pages\/2202","targetHints":{"allow":["GET"]}}],"collection":[{"href":"https:\/\/www.bayernfunk.digital\/index.php\/wp-json\/wp\/v2\/pages"}],"about":[{"href":"https:\/\/www.bayernfunk.digital\/index.php\/wp-json\/wp\/v2\/types\/page"}],"author":[{"embeddable":true,"href":"https:\/\/www.bayernfunk.digital\/index.php\/wp-json\/wp\/v2\/users\/6"}],"replies":[{"embeddable":true,"href":"https:\/\/www.bayernfunk.digital\/index.php\/wp-json\/wp\/v2\/comments?post=2202"}],"version-history":[{"count":11,"href":"https:\/\/www.bayernfunk.digital\/index.php\/wp-json\/wp\/v2\/pages\/2202\/revisions"}],"predecessor-version":[{"id":3368,"href":"https:\/\/www.bayernfunk.digital\/index.php\/wp-json\/wp\/v2\/pages\/2202\/revisions\/3368"}],"wp:attachment":[{"href":"https:\/\/www.bayernfunk.digital\/index.php\/wp-json\/wp\/v2\/media?parent=2202"}],"curies":[{"name":"wp","href":"https:\/\/api.w.org\/{rel}","templated":true}]}}