{"id":188,"date":"2021-11-10T14:11:30","date_gmt":"2021-11-10T14:11:30","guid":{"rendered":"https:\/\/www.bayernfunk.digital\/?page_id=188"},"modified":"2024-04-23T09:07:41","modified_gmt":"2024-04-23T09:07:41","slug":"impressum","status":"publish","type":"page","link":"https:\/\/www.bayernfunk.digital\/index.php\/impressum\/","title":{"rendered":"Impressum"},"content":{"rendered":"<h2>Herausgeber<\/h2>\n<p><strong>Fraunhofer IESE<\/strong><\/p>\n<p>Das<\/p>\n<p>Fraunhofer-Institut f\u00fcr<br \/>\nExperimentelles Software Engineering IESE<br \/>\nFraunhofer-Platz 1<br \/>\n67663 Kaiserslautern<\/p>\n<p>ist eine rechtlich nicht selbstst\u00e4ndige Einrichtung der<\/p>\n<p>Fraunhofer-Gesellschaft<br \/>\nzur F\u00f6rderung der angewandten Forschung e.V.<br \/>\nHansastra\u00dfe 27 c<br \/>\n80686 M\u00fcnchen<br \/>\nInternet: www.fraunhofer.de<br \/>\nE-Mail: info(at)zv.fraunhofer.de<\/p>\n<p>und<\/p>\n<p><strong>Versicherungskammer Bayern Versicherungsanstalt des \u00f6ffentlichen Rechts<\/strong><\/p>\n<p>Maximilianstra\u00dfe 53,<br \/>\n80530 M\u00fcnchen<\/p>\n<h2>Verantwortliche Redakteur*in:<\/h2>\n<p>Steffen Hess (Fraunhofer IESE)<\/p>\n<p>Johannes Wagner (Versicherungskammer Bayern)<\/p>\n<p>Hinweis zur Begriffsverwendung:<br \/>\nEs kann vorkommen, dass auf dieser Website an einigen Stellen nur die weibliche oder nur die m\u00e4nnliche Form von Personen verwendet wird. Gemeint sind in der Regel ausdr\u00fccklich beide Geschlechter.<\/p>\n<h2>Nutzungsrechte<\/h2>\n<p>Copyright \u00a9 Fraunhofer-Gesellschaft e.V., M\u00fcnchen<\/p>\n<p>Copyright \u00a9 Versicherungskammer Bayern Versicherungsanstalt des \u00f6ffentlichen Rechts<\/p>\n<p>Alle Rechte vorbehalten.<br \/>\nDie Urheberrechte dieser Webseite liegen vollst\u00e4ndig bei der Fraunhofer-Gesellschaft und der Versicherungskammer Bayern.<\/p>\n<p>Ein Download oder Ausdruck dieser Ver\u00f6ffentlichungen ist ausschlie\u00dflich f\u00fcr den pers\u00f6nlichen Gebrauch gestattet. Alle dar\u00fcber hinaus gehenden Verwendungen, insbesondere die kommerzielle Nutzung und Verbreitung, sind grunds\u00e4tzlich nicht gestattet und bed\u00fcrfen der schriftlichen Genehmigung.<\/p>\n<h2>Haftungshinweis<\/h2>\n<p>Wir \u00fcbernehmen keine Haftung f\u00fcr die Inhalte externer Links. F\u00fcr den Inhalt der verlinkten Seiten sind ausschlie\u00dflich deren Betreiber verantwortlich.<\/p>\n<p>Wir sind bem\u00fcht, das Webangebot stets aktuell und inhaltlich richtig sowie vollst\u00e4ndig anzubieten. Dennoch ist das Auftreten von Fehlern nicht v\u00f6llig auszuschlie\u00dfen. Wir \u00fcbernehmen keine Haftung f\u00fcr die Aktualit\u00e4t, die inhaltliche Richtigkeit sowie f\u00fcr die Vollst\u00e4ndigkeit der in ihrem Webangebot eingestellten Informationen. Dies bezieht sich auf eventuelle Sch\u00e4den materieller oder ideeller Art Dritter, die durch die Nutzung dieses Webangebotes verursacht wurden.<\/p>\n<p>Gesch\u00fctzte Marken und Namen, Bilder und Texte werden auf unseren Seiten in der Regel nicht als solche kenntlich gemacht. Das Fehlen einer solchen Kennzeichnung bedeutet jedoch nicht, dass es sich um einen freien Namen, ein freies Bild oder einen freien Text im Sinne des Markenzeichenrechts handelt.<\/p>\n","protected":false},"excerpt":{"rendered":"<p>Herausgeber Fraunhofer IESE Das Fraunhofer-Institut f\u00fcr Experimentelles Software Engineering IESE  [&#8230;]<\/p>\n","protected":false},"author":6,"featured_media":0,"parent":0,"menu_order":0,"comment_status":"closed","ping_status":"closed","template":"","meta":{"footnotes":""},"class_list":["post-188","page","type-page","status-publish","hentry"],"yoast_head":"<!-- This site is optimized with the Yoast SEO plugin v27.5 - https:\/\/yoast.com\/product\/yoast-seo-wordpress\/ -->\n<title>Impressum - BayernFunk<\/title>\n<meta name=\"robots\" content=\"index, follow, max-snippet:-1, max-image-preview:large, max-video-preview:-1\" \/>\n<link rel=\"canonical\" href=\"https:\/\/www.bayernfunk.digital\/index.php\/impressum\/\" \/>\n<meta property=\"og:locale\" content=\"de_DE\" \/>\n<meta property=\"og:type\" content=\"article\" \/>\n<meta property=\"og:title\" content=\"Impressum - BayernFunk\" \/>\n<meta property=\"og:description\" content=\"Herausgeber Fraunhofer IESE Das Fraunhofer-Institut f\u00fcr Experimentelles Software Engineering IESE [...]\" \/>\n<meta property=\"og:url\" content=\"https:\/\/www.bayernfunk.digital\/index.php\/impressum\/\" \/>\n<meta property=\"og:site_name\" content=\"BayernFunk\" \/>\n<meta property=\"article:modified_time\" content=\"2024-04-23T09:07:41+00:00\" \/>\n<meta name=\"twitter:card\" content=\"summary_large_image\" \/>\n<meta name=\"twitter:label1\" content=\"Gesch\u00e4tzte Lesezeit\" \/>\n\t<meta name=\"twitter:data1\" content=\"2\u00a0Minuten\" \/>\n<script type=\"application\/ld+json\" class=\"yoast-schema-graph\">{\"@context\":\"https:\\\/\\\/schema.org\",\"@graph\":[{\"@type\":\"WebPage\",\"@id\":\"https:\\\/\\\/www.bayernfunk.digital\\\/index.php\\\/impressum\\\/\",\"url\":\"https:\\\/\\\/www.bayernfunk.digital\\\/index.php\\\/impressum\\\/\",\"name\":\"Impressum - BayernFunk\",\"isPartOf\":{\"@id\":\"https:\\\/\\\/www.bayernfunk.digital\\\/#website\"},\"datePublished\":\"2021-11-10T14:11:30+00:00\",\"dateModified\":\"2024-04-23T09:07:41+00:00\",\"breadcrumb\":{\"@id\":\"https:\\\/\\\/www.bayernfunk.digital\\\/index.php\\\/impressum\\\/#breadcrumb\"},\"inLanguage\":\"de\",\"potentialAction\":[{\"@type\":\"ReadAction\",\"target\":[\"https:\\\/\\\/www.bayernfunk.digital\\\/index.php\\\/impressum\\\/\"]}]},{\"@type\":\"BreadcrumbList\",\"@id\":\"https:\\\/\\\/www.bayernfunk.digital\\\/index.php\\\/impressum\\\/#breadcrumb\",\"itemListElement\":[{\"@type\":\"ListItem\",\"position\":1,\"name\":\"Startseite\",\"item\":\"https:\\\/\\\/www.bayernfunk.digital\\\/\"},{\"@type\":\"ListItem\",\"position\":2,\"name\":\"Impressum\"}]},{\"@type\":\"WebSite\",\"@id\":\"https:\\\/\\\/www.bayernfunk.digital\\\/#website\",\"url\":\"https:\\\/\\\/www.bayernfunk.digital\\\/\",\"name\":\"BayernFunk\",\"description\":\"Nachrichten und Angebote aus und f\u00fcr Bayern\",\"potentialAction\":[{\"@type\":\"SearchAction\",\"target\":{\"@type\":\"EntryPoint\",\"urlTemplate\":\"https:\\\/\\\/www.bayernfunk.digital\\\/?s={search_term_string}\"},\"query-input\":{\"@type\":\"PropertyValueSpecification\",\"valueRequired\":true,\"valueName\":\"search_term_string\"}}],\"inLanguage\":\"de\"}]}<\/script>\n<!-- \/ Yoast SEO plugin. -->","yoast_head_json":{"title":"Impressum - BayernFunk","robots":{"index":"index","follow":"follow","max-snippet":"max-snippet:-1","max-image-preview":"max-image-preview:large","max-video-preview":"max-video-preview:-1"},"canonical":"https:\/\/www.bayernfunk.digital\/index.php\/impressum\/","og_locale":"de_DE","og_type":"article","og_title":"Impressum - BayernFunk","og_description":"Herausgeber Fraunhofer IESE Das Fraunhofer-Institut f\u00fcr Experimentelles Software Engineering IESE [...]","og_url":"https:\/\/www.bayernfunk.digital\/index.php\/impressum\/","og_site_name":"BayernFunk","article_modified_time":"2024-04-23T09:07:41+00:00","twitter_card":"summary_large_image","twitter_misc":{"Gesch\u00e4tzte Lesezeit":"2\u00a0Minuten"},"schema":{"@context":"https:\/\/schema.org","@graph":[{"@type":"WebPage","@id":"https:\/\/www.bayernfunk.digital\/index.php\/impressum\/","url":"https:\/\/www.bayernfunk.digital\/index.php\/impressum\/","name":"Impressum - BayernFunk","isPartOf":{"@id":"https:\/\/www.bayernfunk.digital\/#website"},"datePublished":"2021-11-10T14:11:30+00:00","dateModified":"2024-04-23T09:07:41+00:00","breadcrumb":{"@id":"https:\/\/www.bayernfunk.digital\/index.php\/impressum\/#breadcrumb"},"inLanguage":"de","potentialAction":[{"@type":"ReadAction","target":["https:\/\/www.bayernfunk.digital\/index.php\/impressum\/"]}]},{"@type":"BreadcrumbList","@id":"https:\/\/www.bayernfunk.digital\/index.php\/impressum\/#breadcrumb","itemListElement":[{"@type":"ListItem","position":1,"name":"Startseite","item":"https:\/\/www.bayernfunk.digital\/"},{"@type":"ListItem","position":2,"name":"Impressum"}]},{"@type":"WebSite","@id":"https:\/\/www.bayernfunk.digital\/#website","url":"https:\/\/www.bayernfunk.digital\/","name":"BayernFunk","description":"Nachrichten und Angebote aus und f\u00fcr Bayern","potentialAction":[{"@type":"SearchAction","target":{"@type":"EntryPoint","urlTemplate":"https:\/\/www.bayernfunk.digital\/?s={search_term_string}"},"query-input":{"@type":"PropertyValueSpecification","valueRequired":true,"valueName":"search_term_string"}}],"inLanguage":"de"}]}},"_links":{"self":[{"href":"https:\/\/www.bayernfunk.digital\/index.php\/wp-json\/wp\/v2\/pages\/188","targetHints":{"allow":["GET"]}}],"collection":[{"href":"https:\/\/www.bayernfunk.digital\/index.php\/wp-json\/wp\/v2\/pages"}],"about":[{"href":"https:\/\/www.bayernfunk.digital\/index.php\/wp-json\/wp\/v2\/types\/page"}],"author":[{"embeddable":true,"href":"https:\/\/www.bayernfunk.digital\/index.php\/wp-json\/wp\/v2\/users\/6"}],"replies":[{"embeddable":true,"href":"https:\/\/www.bayernfunk.digital\/index.php\/wp-json\/wp\/v2\/comments?post=188"}],"version-history":[{"count":8,"href":"https:\/\/www.bayernfunk.digital\/index.php\/wp-json\/wp\/v2\/pages\/188\/revisions"}],"predecessor-version":[{"id":3440,"href":"https:\/\/www.bayernfunk.digital\/index.php\/wp-json\/wp\/v2\/pages\/188\/revisions\/3440"}],"wp:attachment":[{"href":"https:\/\/www.bayernfunk.digital\/index.php\/wp-json\/wp\/v2\/media?parent=188"}],"curies":[{"name":"wp","href":"https:\/\/api.w.org\/{rel}","templated":true}]}}