{"id":1548,"date":"2024-02-27T14:32:01","date_gmt":"2024-02-27T14:32:01","guid":{"rendered":"https:\/\/www.bayernfunk.digital\/?page_id=1548"},"modified":"2024-04-03T14:10:15","modified_gmt":"2024-04-03T14:10:15","slug":"support","status":"publish","type":"page","link":"https:\/\/www.bayernfunk.digital\/index.php\/support\/","title":{"rendered":"Support"},"content":{"rendered":"<p><span style=\"color: #2970be;\">Jetzt<\/span>\u00a0<span style=\"color: #ff003f;\">Unterst\u00fctzung <\/span><span style=\"color: #2970be;\">anfragen:<\/span><\/p>\n\n<div class=\"wpcf7 no-js\" id=\"wpcf7-f2312-o1\" lang=\"de-DE\" dir=\"ltr\" data-wpcf7-id=\"2312\">\n<div class=\"screen-reader-response\"><p role=\"status\" aria-live=\"polite\" aria-atomic=\"true\"><\/p> <ul><\/ul><\/div>\n<form action=\"\/index.php\/wp-json\/wp\/v2\/pages\/1548#wpcf7-f2312-o1\" method=\"post\" class=\"wpcf7-form init\" aria-label=\"Kontaktformular\" novalidate=\"novalidate\" data-status=\"init\">\n<fieldset class=\"hidden-fields-container\"><input type=\"hidden\" name=\"_wpcf7\" value=\"2312\" \/><input type=\"hidden\" name=\"_wpcf7_version\" value=\"6.1.5\" \/><input type=\"hidden\" name=\"_wpcf7_locale\" value=\"de_DE_formal\" \/><input type=\"hidden\" name=\"_wpcf7_unit_tag\" value=\"wpcf7-f2312-o1\" \/><input type=\"hidden\" name=\"_wpcf7_container_post\" value=\"0\" \/><input type=\"hidden\" name=\"_wpcf7_posted_data_hash\" value=\"\" \/>\n<\/fieldset>\n<p><label> Anrede*<br \/>\n<span class=\"wpcf7-form-control-wrap\" data-name=\"menu-anrede\"><select class=\"wpcf7-form-control wpcf7-select wpcf7-validates-as-required\" aria-required=\"true\" aria-invalid=\"false\" name=\"menu-anrede\"><option value=\"Frau\">Frau<\/option><option value=\"Herr\">Herr<\/option><option value=\"Divers\">Divers<\/option><\/select><\/span><\/label>\n<\/p>\n<p><label> Vorname*<br \/>\n<span class=\"wpcf7-form-control-wrap\" data-name=\"vorname\"><input size=\"40\" maxlength=\"400\" class=\"wpcf7-form-control wpcf7-text wpcf7-validates-as-required\" aria-required=\"true\" aria-invalid=\"false\" placeholder=\"Max\" value=\"\" type=\"text\" name=\"vorname\" \/><\/span> <\/label><br \/>\n<span id=\"wpcf7-69e0fbcd26c1c-wrapper\" class=\"wpcf7-form-control-wrap color-wrap\" style=\"display:none !important; visibility:hidden !important;\"><label for=\"wpcf7-69e0fbcd26c1c-field\" class=\"hp-message\">Bitte lassen Sie dieses Feld leer.<\/label><input id=\"wpcf7-69e0fbcd26c1c-field\"  class=\"wpcf7-form-control wpcf7-text\" type=\"text\" name=\"color\" value=\"\" size=\"40\" tabindex=\"-1\" autocomplete=\"new-password\" \/><\/span><br \/>\n<label> Nachname*<br \/>\n<span class=\"wpcf7-form-control-wrap\" data-name=\"nachname\"><input size=\"40\" maxlength=\"400\" class=\"wpcf7-form-control wpcf7-text wpcf7-validates-as-required\" aria-required=\"true\" aria-invalid=\"false\" placeholder=\"Mustermann\" value=\"\" type=\"text\" name=\"nachname\" \/><\/span> <\/label>\n<\/p>\n<p><label> E-Mail-Adresse(*)<br \/>\n<span class=\"wpcf7-form-control-wrap\" data-name=\"author-email\"><input size=\"40\" maxlength=\"400\" class=\"wpcf7-form-control wpcf7-email wpcf7-validates-as-required wpcf7-text wpcf7-validates-as-email\" aria-required=\"true\" aria-invalid=\"false\" value=\"\" type=\"email\" name=\"author-email\" \/><\/span> <\/label><br \/>\n<span style=\"text-align:right;width:100%\"><small>(*) F\u00fcr eine erfolgreiche Kontaktaufnahme, ben\u00f6tigen wir eine g\u00fcltige E-Mail-Adresse.<\/small><\/span><span id=\"wpcf7-69e0fbcd26d11-wrapper\" class=\"wpcf7-form-control-wrap location-wrap\" style=\"display:none !important; visibility:hidden !important;\"><label for=\"wpcf7-69e0fbcd26d11-field\" class=\"hp-message\">Bitte lassen Sie dieses Feld leer.<\/label><input id=\"wpcf7-69e0fbcd26d11-field\"  class=\"wpcf7-form-control wpcf7-text\" type=\"text\" name=\"location\" value=\"\" size=\"40\" tabindex=\"-1\" autocomplete=\"new-password\" \/><\/span>\n<\/p>\n<p><label> Thema \/ L\u00f6sung*<br \/>\n<span class=\"wpcf7-form-control-wrap\" data-name=\"product\"><select class=\"wpcf7-form-control wpcf7-select wpcf7-validates-as-required\" aria-required=\"true\" aria-invalid=\"false\" name=\"product\"><option value=\"BayernFunk (App)\">BayernFunk (App)<\/option><option value=\"BayernNews (Webseite)\">BayernNews (Webseite)<\/option><option value=\"Allgemein\">Allgemein<\/option><\/select><\/span><\/label>\n<\/p>\n<p><label> Betriebssystem*<br \/>\n<span class=\"wpcf7-form-control-wrap\" data-name=\"os\"><select class=\"wpcf7-form-control wpcf7-select wpcf7-validates-as-required\" aria-required=\"true\" aria-invalid=\"false\" name=\"os\"><option value=\"Android\">Android<\/option><option value=\"iOS\">iOS<\/option><option value=\"Windows\">Windows<\/option><option value=\"macOS\">macOS<\/option><option value=\"Sonstiges\">Sonstiges<\/option><\/select><\/span><\/label>\n<\/p>\n<p><label> Browser*<br \/>\n<span class=\"wpcf7-form-control-wrap\" data-name=\"browser\"><select class=\"wpcf7-form-control wpcf7-select wpcf7-validates-as-required\" aria-required=\"true\" aria-invalid=\"false\" name=\"browser\"><option value=\"Chrome\">Chrome<\/option><option value=\"Firefox\">Firefox<\/option><option value=\"Samsung Internet\">Samsung Internet<\/option><option value=\"Safari\">Safari<\/option><option value=\"Edge\">Edge<\/option><option value=\"Sonstiges\">Sonstiges<\/option><\/select><\/span><\/label>\n<\/p>\n<p><label> Betreff*<br \/>\n<span class=\"wpcf7-form-control-wrap\" data-name=\"subject\"><input size=\"40\" maxlength=\"400\" class=\"wpcf7-form-control wpcf7-text wpcf7-validates-as-required\" aria-required=\"true\" aria-invalid=\"false\" value=\"\" type=\"text\" name=\"subject\" \/><\/span> <\/label>\n<\/p>\n<p><label> Nachricht*<br \/>\n<span class=\"wpcf7-form-control-wrap\" data-name=\"author-message\"><textarea cols=\"40\" rows=\"10\" maxlength=\"2000\" class=\"wpcf7-form-control wpcf7-textarea wpcf7-validates-as-required\" aria-required=\"true\" aria-invalid=\"false\" name=\"author-message\"><\/textarea><\/span> <\/label>\n<\/p>\n<p><span class=\"wpcf7-form-control-wrap\" data-name=\"datenschutz\"><span class=\"wpcf7-form-control wpcf7-acceptance\"><span class=\"wpcf7-list-item\"><label><input type=\"checkbox\" name=\"datenschutz\" value=\"1\" aria-invalid=\"false\" \/><span class=\"wpcf7-list-item-label\">Ich akzeptiere die Bedingungen der <a href=\"https:\/\/www.bayernfunk.digital\/index.php\/datenschutzinformation\/\">Datenschutzinformation<\/a>.<\/span><\/label><\/span><\/span><\/span>\n<\/p>\n<p><input class=\"wpcf7-form-control wpcf7-submit has-spinner\" type=\"submit\" value=\"Senden\" \/>\n<\/p>\n<p><span id=\"wpcf7-69e0fbcd26f19-wrapper\" class=\"wpcf7-form-control-wrap website-wrap\" style=\"display:none !important; visibility:hidden !important;\"><label for=\"wpcf7-69e0fbcd26f19-field\" class=\"hp-message\">Bitte lassen Sie dieses Feld leer.<\/label><input id=\"wpcf7-69e0fbcd26f19-field\"  class=\"wpcf7-form-control wpcf7-text\" type=\"text\" name=\"website\" value=\"\" size=\"40\" tabindex=\"-1\" autocomplete=\"new-password\" \/><\/span>\n<\/p><p style=\"display: none !important;\" class=\"akismet-fields-container\" data-prefix=\"_wpcf7_ak_\"><label>&#916;<textarea name=\"_wpcf7_ak_hp_textarea\" cols=\"45\" rows=\"8\" maxlength=\"100\"><\/textarea><\/label><input type=\"hidden\" id=\"ak_js_1\" name=\"_wpcf7_ak_js\" value=\"242\"\/><script>document.getElementById( \"ak_js_1\" ).setAttribute( \"value\", ( new Date() ).getTime() );<\/script><\/p><div class=\"fusion-alert alert custom alert-custom fusion-alert-center wpcf7-response-output awb-alert-native-link-color alert-dismissable awb-alert-close-boxed\" style=\"--awb-border-size:1px;--awb-border-top-left-radius:0px;--awb-border-top-right-radius:0px;--awb-border-bottom-left-radius:0px;--awb-border-bottom-right-radius:0px;\" role=\"alert\"><div class=\"fusion-alert-content-wrapper\"><span class=\"fusion-alert-content\"><\/span><\/div><button type=\"button\" class=\"close toggle-alert\" data-dismiss=\"alert\" aria-label=\"Close\">&times;<\/button><\/div>\n<\/form>\n<\/div>\n\n","protected":false},"excerpt":{"rendered":"<p>Jetzt\u00a0Unterst\u00fctzung anfragen:<\/p>\n","protected":false},"author":6,"featured_media":0,"parent":0,"menu_order":0,"comment_status":"closed","ping_status":"closed","template":"","meta":{"footnotes":""},"class_list":["post-1548","page","type-page","status-publish","hentry"],"yoast_head":"<!-- This site is optimized with the Yoast SEO plugin v27.4 - https:\/\/yoast.com\/product\/yoast-seo-wordpress\/ -->\n<title>Support - BayernFunk<\/title>\n<meta name=\"robots\" content=\"index, follow, max-snippet:-1, max-image-preview:large, max-video-preview:-1\" \/>\n<link rel=\"canonical\" href=\"https:\/\/www.bayernfunk.digital\/index.php\/support\/\" \/>\n<meta property=\"og:locale\" content=\"de_DE\" \/>\n<meta property=\"og:type\" content=\"article\" \/>\n<meta property=\"og:title\" content=\"Support - BayernFunk\" \/>\n<meta property=\"og:description\" content=\"Jetzt\u00a0Unterst\u00fctzung anfragen:\" \/>\n<meta property=\"og:url\" content=\"https:\/\/www.bayernfunk.digital\/index.php\/support\/\" \/>\n<meta property=\"og:site_name\" content=\"BayernFunk\" \/>\n<meta property=\"article:modified_time\" content=\"2024-04-03T14:10:15+00:00\" \/>\n<meta name=\"twitter:card\" content=\"summary_large_image\" \/>\n<script type=\"application\/ld+json\" class=\"yoast-schema-graph\">{\"@context\":\"https:\\\/\\\/schema.org\",\"@graph\":[{\"@type\":\"WebPage\",\"@id\":\"https:\\\/\\\/www.bayernfunk.digital\\\/index.php\\\/support\\\/\",\"url\":\"https:\\\/\\\/www.bayernfunk.digital\\\/index.php\\\/support\\\/\",\"name\":\"Support - BayernFunk\",\"isPartOf\":{\"@id\":\"https:\\\/\\\/www.bayernfunk.digital\\\/#website\"},\"datePublished\":\"2024-02-27T14:32:01+00:00\",\"dateModified\":\"2024-04-03T14:10:15+00:00\",\"breadcrumb\":{\"@id\":\"https:\\\/\\\/www.bayernfunk.digital\\\/index.php\\\/support\\\/#breadcrumb\"},\"inLanguage\":\"de\",\"potentialAction\":[{\"@type\":\"ReadAction\",\"target\":[\"https:\\\/\\\/www.bayernfunk.digital\\\/index.php\\\/support\\\/\"]}]},{\"@type\":\"BreadcrumbList\",\"@id\":\"https:\\\/\\\/www.bayernfunk.digital\\\/index.php\\\/support\\\/#breadcrumb\",\"itemListElement\":[{\"@type\":\"ListItem\",\"position\":1,\"name\":\"Startseite\",\"item\":\"https:\\\/\\\/www.bayernfunk.digital\\\/\"},{\"@type\":\"ListItem\",\"position\":2,\"name\":\"Support\"}]},{\"@type\":\"WebSite\",\"@id\":\"https:\\\/\\\/www.bayernfunk.digital\\\/#website\",\"url\":\"https:\\\/\\\/www.bayernfunk.digital\\\/\",\"name\":\"BayernFunk\",\"description\":\"Nachrichten und Angebote aus und f\u00fcr Bayern\",\"potentialAction\":[{\"@type\":\"SearchAction\",\"target\":{\"@type\":\"EntryPoint\",\"urlTemplate\":\"https:\\\/\\\/www.bayernfunk.digital\\\/?s={search_term_string}\"},\"query-input\":{\"@type\":\"PropertyValueSpecification\",\"valueRequired\":true,\"valueName\":\"search_term_string\"}}],\"inLanguage\":\"de\"}]}<\/script>\n<!-- \/ Yoast SEO plugin. -->","yoast_head_json":{"title":"Support - BayernFunk","robots":{"index":"index","follow":"follow","max-snippet":"max-snippet:-1","max-image-preview":"max-image-preview:large","max-video-preview":"max-video-preview:-1"},"canonical":"https:\/\/www.bayernfunk.digital\/index.php\/support\/","og_locale":"de_DE","og_type":"article","og_title":"Support - BayernFunk","og_description":"Jetzt\u00a0Unterst\u00fctzung anfragen:","og_url":"https:\/\/www.bayernfunk.digital\/index.php\/support\/","og_site_name":"BayernFunk","article_modified_time":"2024-04-03T14:10:15+00:00","twitter_card":"summary_large_image","schema":{"@context":"https:\/\/schema.org","@graph":[{"@type":"WebPage","@id":"https:\/\/www.bayernfunk.digital\/index.php\/support\/","url":"https:\/\/www.bayernfunk.digital\/index.php\/support\/","name":"Support - BayernFunk","isPartOf":{"@id":"https:\/\/www.bayernfunk.digital\/#website"},"datePublished":"2024-02-27T14:32:01+00:00","dateModified":"2024-04-03T14:10:15+00:00","breadcrumb":{"@id":"https:\/\/www.bayernfunk.digital\/index.php\/support\/#breadcrumb"},"inLanguage":"de","potentialAction":[{"@type":"ReadAction","target":["https:\/\/www.bayernfunk.digital\/index.php\/support\/"]}]},{"@type":"BreadcrumbList","@id":"https:\/\/www.bayernfunk.digital\/index.php\/support\/#breadcrumb","itemListElement":[{"@type":"ListItem","position":1,"name":"Startseite","item":"https:\/\/www.bayernfunk.digital\/"},{"@type":"ListItem","position":2,"name":"Support"}]},{"@type":"WebSite","@id":"https:\/\/www.bayernfunk.digital\/#website","url":"https:\/\/www.bayernfunk.digital\/","name":"BayernFunk","description":"Nachrichten und Angebote aus und f\u00fcr Bayern","potentialAction":[{"@type":"SearchAction","target":{"@type":"EntryPoint","urlTemplate":"https:\/\/www.bayernfunk.digital\/?s={search_term_string}"},"query-input":{"@type":"PropertyValueSpecification","valueRequired":true,"valueName":"search_term_string"}}],"inLanguage":"de"}]}},"_links":{"self":[{"href":"https:\/\/www.bayernfunk.digital\/index.php\/wp-json\/wp\/v2\/pages\/1548","targetHints":{"allow":["GET"]}}],"collection":[{"href":"https:\/\/www.bayernfunk.digital\/index.php\/wp-json\/wp\/v2\/pages"}],"about":[{"href":"https:\/\/www.bayernfunk.digital\/index.php\/wp-json\/wp\/v2\/types\/page"}],"author":[{"embeddable":true,"href":"https:\/\/www.bayernfunk.digital\/index.php\/wp-json\/wp\/v2\/users\/6"}],"replies":[{"embeddable":true,"href":"https:\/\/www.bayernfunk.digital\/index.php\/wp-json\/wp\/v2\/comments?post=1548"}],"version-history":[{"count":5,"href":"https:\/\/www.bayernfunk.digital\/index.php\/wp-json\/wp\/v2\/pages\/1548\/revisions"}],"predecessor-version":[{"id":2705,"href":"https:\/\/www.bayernfunk.digital\/index.php\/wp-json\/wp\/v2\/pages\/1548\/revisions\/2705"}],"wp:attachment":[{"href":"https:\/\/www.bayernfunk.digital\/index.php\/wp-json\/wp\/v2\/media?parent=1548"}],"curies":[{"name":"wp","href":"https:\/\/api.w.org\/{rel}","templated":true}]}}